{"id":3,"date":"2025-01-15T18:26:58","date_gmt":"2025-01-15T18:26:58","guid":{"rendered":"https:\/\/renewe.fi\/?page_id=3"},"modified":"2026-03-09T07:51:27","modified_gmt":"2026-03-09T07:51:27","slug":"privacy-policy","status":"publish","type":"page","link":"https:\/\/renewe.fi\/en\/privacy-policy\/","title":{"rendered":""},"content":{"rendered":"<h1 class=\"wp-block-heading\">Privacy Policy<\/h1>\n\n\n\n<p class=\"has-black-color has-text-color has-link-color wp-elements-3e4b51fd19ac0055fb2ea8da628b79ed\">This statement explains how Renewe Group Oy (Business ID 3014659\u20136) processes your personal data. By using our services, our websites (renewe.fi) or by contacting us, you agree that we process your personal data in accordance with this privacy statement.<\/p>\n\n\n\n<p><a href=\"https:\/\/business.safety.google\/privacy\" target=\"_blank\" rel=\"noopener\">https:\/\/business.safety.google\/privacy<\/a><\/p>\n\n\n\n<h2 class=\"wp-block-heading\">Registrar<\/h2>\n\n\n\n<p class=\"has-black-color has-text-color has-link-color wp-elements-549ffbdc3bb155b639c3fe8acb4a294d\">Renewe Group Oy<br>info@renewe.fi<br>010 660 3030<\/p>\n\n\n\n<h2 class=\"wp-block-heading\">What information do we collect?<\/h2>\n\n\n\n<p class=\"has-black-color has-text-color has-link-color wp-elements-97e471bf8299203b62ebef6f22363db8\"><strong>Customers<\/strong><\/p>\n\n\n\n<ul class=\"wp-block-list\">\n<li>Name and contact information (first and last name, address, telephone number, email address)<\/li>\n\n\n\n<li>Basic information (date of birth, customer number, language of service)<\/li>\n\n\n\n<li>Customer information (order history, communications, customer relationship management)<\/li>\n\n\n\n<li>Order and billing information<\/li>\n\n\n\n<li>Marketing-related consents and prohibitions<\/li>\n\n\n\n<li>Information generated when using online services (IP address, cookie information)<\/li>\n<\/ul>\n\n\n\n<p class=\"has-black-color has-text-color has-link-color wp-elements-8be82de8dd2479127cb259bb52f97e55\"><strong>Job seekers<\/strong><\/p>\n\n\n\n<ul class=\"wp-block-list\">\n<li>Name and contact information<\/li>\n\n\n\n<li>Basic information (date of birth, place of residence, citizenship)<\/li>\n\n\n\n<li>Information provided in the job application<\/li>\n\n\n\n<li>Additional information provided in interviews<\/li>\n\n\n\n<li>Possible referral information<\/li>\n<\/ul>\n\n\n\n<h2 class=\"wp-block-heading\">Where is the data collected from?<\/h2>\n\n\n\n<p class=\"has-black-color has-text-color has-link-color wp-elements-7278a0b0e21e200e11ef7e652277978c\">We generally receive information from:<\/p>\n\n\n\n<ul class=\"wp-block-list\">\n<li>Directly from you via website forms<\/li>\n\n\n\n<li>In customer service situations (phone, email, chat)<\/li>\n\n\n\n<li>In connection with sales and installations<\/li>\n\n\n\n<li>Through website cookies<\/li>\n\n\n\n<li>From publicly available sources<\/li>\n<\/ul>\n\n\n\n<h2 class=\"wp-block-heading\">Purposes of use of data<\/h2>\n\n\n\n<ul class=\"wp-block-list\">\n<li>We may disclose information to authorities to fulfill legal obligations<\/li>\n\n\n\n<li>We use reliable service providers (e.g. payment processing, installation, marketing)<\/li>\n\n\n\n<li>Service providers only process data in accordance with our instructions.<\/li>\n\n\n\n<li>Data may only be transferred outside the EU\/EEA if an adequate level of data protection has been ensured.<\/li>\n<\/ul>\n\n\n\n<h2 class=\"wp-block-heading\">Data retention and protection<\/h2>\n\n\n\n<ul class=\"wp-block-list\">\n<li>We only retain information for as long as necessary.<\/li>\n\n\n\n<li>Customer data is retained for the duration of the customer relationship and thereafter in accordance with statutory obligations.<\/li>\n\n\n\n<li>Job applications are retained throughout the recruitment process and for one year after its completion.<\/li>\n\n\n\n<li>The data is protected by appropriate technical and organizational measures.<\/li>\n\n\n\n<li>Access to the information is only available to those who need it to perform their job duties.<\/li>\n<\/ul>\n\n\n\n<h2 class=\"wp-block-heading\">Your rights<\/h2>\n\n\n\n<p class=\"has-black-color has-text-color has-link-color wp-elements-a4481350fee08709d85608ce105f4f88\">You have the right to:<\/p>\n\n\n\n<ul class=\"wp-block-list\">\n<li>Get access to your own data<\/li>\n\n\n\n<li>Request correction or deletion of your information<\/li>\n\n\n\n<li>Object to the processing of your data<\/li>\n\n\n\n<li>Request restriction of processing of your data<\/li>\n\n\n\n<li>Transfer your data from one system to another<\/li>\n\n\n\n<li>Withdraw your marketing consent<\/li>\n<\/ul>\n\n\n\n<h2 class=\"wp-block-heading\">Use of cookies<\/h2>\n\n\n\n<p class=\"has-black-color has-text-color has-link-color wp-elements-61ac5d97001aa498f01596cb527db41a\">We use cookies and other similar technologies on our website:<\/p>\n\n\n\n<ul class=\"wp-block-list\">\n<li>Essential cookies to ensure the functioning of the site<\/li>\n\n\n\n<li>Analytics cookies for analyzing visitor data<\/li>\n\n\n\n<li>Marketing cookies to enable targeted advertising<\/li>\n<\/ul>\n\n\n\n<p class=\"has-black-color has-text-color has-link-color wp-elements-ec4dca7e9672b817cc23127a25520253\">You can manage your cookie settings in your browser settings or in the cookie manager on our website.<\/p>\n\n\n\n<h2 class=\"wp-block-heading\">Changes to the privacy policy<\/h2>\n\n\n\n<p class=\"has-black-color has-text-color has-link-color wp-elements-3aaca398b5ed54c85128f7bf7a726b63\">We reserve the right to change this privacy policy. We will notify you of any significant changes on our website. This privacy policy was last updated on 01.01.2025.<\/p>\n\n\n\n<h2 class=\"wp-block-heading\">Contacts<\/h2>\n\n\n\n<p class=\"has-black-color has-text-color has-link-color wp-elements-7dfd626e2310bedf0757900b61bafa07\">If you have any questions about the processing of your personal data or would like to make changes, please contact:<br><br>Renewe Group Oy<br>info@renewe.fi<br>010 660 3030<br>Konepajankuja 1<br>00510 Helsinki<br>Open weekdays 8\u201316<\/p>","protected":false},"excerpt":{"rendered":"<p>Tietosuojaseloste T\u00e4m\u00e4 seloste kertoo, miten Renewe Group Oy (Y-tunnus 3014659\u20136) k\u00e4sittelee henkil\u00f6tietojasi. K\u00e4ytt\u00e4m\u00e4ll\u00e4 palvelujamme, verkkosivustojamme (renewe.fi) tai ottamalla meihin yhteytt\u00e4, hyv\u00e4ksyt ett\u00e4 k\u00e4sittelemme sinua koskevia henkil\u00f6tietoja t\u00e4m\u00e4n tietosuojaselosteen mukaisesti. https:\/\/business.safety.google\/privacy Rekisterinpit\u00e4j\u00e4 Renewe Group Oyinfo@renewe.fi010 660 3030 Mit\u00e4 tietoja ker\u00e4\u00e4mme? Asiakkaat Ty\u00f6nhakijat Mist\u00e4 tiedot ker\u00e4t\u00e4\u00e4n? Saamme tiedot p\u00e4\u00e4s\u00e4\u00e4nt\u00f6isesti: Tietojen k\u00e4ytt\u00f6tarkoitukset Tietojen s\u00e4ilytys ja suojaus Sinun oikeutesi [&hellip;]<\/p>\n","protected":false},"author":6,"featured_media":0,"parent":0,"menu_order":0,"comment_status":"closed","ping_status":"open","template":"","meta":{"_acf_changed":false,"_breakdance_hide_in_design_set":false,"_breakdance_tags":"","footnotes":""},"class_list":["post-3","page","type-page","status-publish","hentry"],"acf":[],"_links":{"self":[{"href":"https:\/\/renewe.fi\/en\/wp-json\/wp\/v2\/pages\/3","targetHints":{"allow":["GET"]}}],"collection":[{"href":"https:\/\/renewe.fi\/en\/wp-json\/wp\/v2\/pages"}],"about":[{"href":"https:\/\/renewe.fi\/en\/wp-json\/wp\/v2\/types\/page"}],"author":[{"embeddable":true,"href":"https:\/\/renewe.fi\/en\/wp-json\/wp\/v2\/users\/6"}],"replies":[{"embeddable":true,"href":"https:\/\/renewe.fi\/en\/wp-json\/wp\/v2\/comments?post=3"}],"version-history":[{"count":6,"href":"https:\/\/renewe.fi\/en\/wp-json\/wp\/v2\/pages\/3\/revisions"}],"predecessor-version":[{"id":6170,"href":"https:\/\/renewe.fi\/en\/wp-json\/wp\/v2\/pages\/3\/revisions\/6170"}],"wp:attachment":[{"href":"https:\/\/renewe.fi\/en\/wp-json\/wp\/v2\/media?parent=3"}],"curies":[{"name":"wp","href":"https:\/\/api.w.org\/{rel}","templated":true}]}}