{"id":350,"date":"2025-02-03T00:04:58","date_gmt":"2025-02-03T00:04:58","guid":{"rendered":"https:\/\/renewe.fi\/?page_id=350"},"modified":"2025-05-06T18:08:35","modified_gmt":"2025-05-06T18:08:35","slug":"tyopaikat","status":"publish","type":"page","link":"https:\/\/renewe.fi\/en\/tyopaikat\/","title":{"rendered":"Jobs"},"content":{"rendered":"<section class=\"bde-section-350-100 bde-section\">\n  \n  \n\t\n\n\n\n<div class=\"section-container\"><div class=\"bde-columns-350-101 bde-columns\"><div class=\"bde-column-350-102 bde-column\">\n  \n  \n\t\n\n\n\n<h1 class=\"bde-heading-350-103 bde-heading\">\nJobs \u2013 Come build<br>sustainable future\n<\/h1><div class=\"bde-text-350-104 bde-text\">\nDo you want to be involved in promoting renewable energy solutions in Finland? In the Renewe team, you will have the opportunity to make a concrete impact on the green transition and create a sustainable future together with our expert team.\n<\/div>\n<\/div><div class=\"bde-column-350-105 bde-column\">\n  \n  \n\t\n\n\n\n<img decoding=\"async\" class=\"bde-image2-350-106 bde-image2\" src=\"https:\/\/renewe.fi\/wp-content\/uploads\/2025\/02\/renewe_working.jpg\" alt=\"Ammattilaiset suunnittelevat uusiutuvan energian ratkaisuja\" loading=\"lazy\" srcset=\"https:\/\/renewe.fi\/wp-content\/uploads\/2025\/02\/renewe_working.jpg 1500w, https:\/\/renewe.fi\/wp-content\/uploads\/2025\/02\/renewe_working-300x197.jpg 300w, https:\/\/renewe.fi\/wp-content\/uploads\/2025\/02\/renewe_working-1024x672.jpg 1024w, https:\/\/renewe.fi\/wp-content\/uploads\/2025\/02\/renewe_working-768x504.jpg 768w, https:\/\/renewe.fi\/wp-content\/uploads\/2025\/02\/renewe_working-600x394.jpg 600w\" sizes=\"(max-width: 1500px) 100vw, 1500px\" title=\"\">\n<\/div><\/div><div class=\"bde-div-350-107 bde-div\">\n  \n  \n\t\n\n\n\n<div class=\"bde-icon-350-108 bde-icon\">\n\n    \n            <div class=\"bde-icon-icon breakdance-icon-atom\" >\n    \n                    <svg xmlns=\"http:\/\/www.w3.org\/2000\/svg\" viewbox=\"0 0 576 512\"><!--! Font Awesome Free 6.5.1 by @fontawesome - https:\/\/fontawesome.com License - https:\/\/fontawesome.com\/license\/free (Icons: CC BY 4.0, Fonts: SIL OFL 1.1, Code: MIT License) Copyright 2023 Fonticons, Inc. --><path d=\"M575.8 255.5c0 18-15 32.1-32 32.1h-32l.7 160.2c0 2.7-.2 5.4-.5 8.1V472c0 22.1-17.9 40-40 40H456c-1.1 0-2.2 0-3.3-.1c-1.4 .1-2.8 .1-4.2 .1H416 392c-22.1 0-40-17.9-40-40V448 384c0-17.7-14.3-32-32-32H256c-17.7 0-32 14.3-32 32v64 24c0 22.1-17.9 40-40 40H160 128.1c-1.5 0-3-.1-4.5-.2c-1.2 .1-2.4 .2-3.6 .2H104c-22.1 0-40-17.9-40-40V360c0-.9 0-1.9 .1-2.8V287.6H32c-18 0-32-14-32-32.1c0-9 3-17 10-24L266.4 8c7-7 15-8 22-8s15 2 21 7L564.8 231.5c8 7 12 15 11 24z\"\/><\/svg>\n        \n        \n        \n            <\/div>\n    \n\n\n<\/div><div class=\"bde-globalblock-350-173 bde-globalblock\"><div class=\"bde-woo-breadcrumb-1356-100-1356-1 bde-woo-breadcrumb bde-woo-breadcrumb-1356-100 breakdance-woocommerce\"><nav class=\"woocommerce-breadcrumb\" aria-label=\"Breadcrumb\" data-no-translation=\"\" data-trp-gettext=\"\">Etusivu<\/nav><\/div><\/div>\n<\/div><\/div>\n<\/section><section class=\"bde-section-350-122 bde-section\">\n  \n  \n\t\n\n\n\n<div class=\"section-container\"><h2 class=\"bde-heading-350-124 bde-heading\">\nJob openings\n<\/h2><div class=\"bde-frequently-asked-questions-350-125 bde-frequently-asked-questions\">\n      <div class=\"bde-faq__item\">\n      <h4 class=\"bde-faq__title-tag\">\n       <button id=\"bde-faq-125-button-1\" aria-expanded=\"false\" aria-controls=\"bde-faq-125-1\" class=\"bde-faq__question js-faq-item\">\n          <span class=\"bde-faq__title\">We are looking for a project manager for the Helsinki Metropolitan Area and surrounding areas - come join our growing team!<\/span>\n                           <div aria-hidden=\"true\" class=\"bde-faq__icon bde-faq__icon--inactive\">\n                                <svg xmlns=\"http:\/\/www.w3.org\/2000\/svg\" version=\"1.1\" width=\"32\" height=\"32\" viewbox=\"0 0 32 32\">\r\n<title>Chevron-Down<\/title>\r\n<path d=\"M16.609 22.389c-0.37 0.37-0.97 0.37-1.34 0l-9.659-9.659c-0.37-0.37-0.37-0.97 0-1.34l0.447-0.447c0.37-0.37 0.97-0.37 1.34 0l8.542 8.542 8.542-8.542c0.37-0.37 0.97-0.37 1.34 0l0.447 0.447c0.37 0.37 0.37 0.97 0 1.34l-9.659 9.659z\"\/>\r\n<\/svg>\n                            <\/div>\n         \t  <div aria-hidden=\"true\" class=\"bde-faq__icon bde-faq__icon--active\">\n                                <svg xmlns=\"http:\/\/www.w3.org\/2000\/svg\" version=\"1.1\" width=\"32\" height=\"32\" viewbox=\"0 0 32 32\">\r\n<title>Chevron-Up<\/title>\r\n<path d=\"M15.391 9.611c0.37-0.37 0.97-0.37 1.34 0l9.659 9.659c0.37 0.37 0.37 0.97 0 1.34l-0.447 0.447c-0.37 0.37-0.97 0.37-1.34 0l-8.542-8.542-8.542 8.542c-0.37 0.37-0.97 0.37-1.34 0l-0.447-0.447c-0.37-0.37-0.37-0.97 0-1.34l9.659-9.659z\"\/>\r\n<\/svg>\n                            <\/div>\n                  <\/button>\n      <\/h4>\n      <div role=\"region\" aria-labelledby=\"bde-faq-125-button-1\" id=\"bde-faq-125-1\" class=\"bde-faq__answer\">\n        <div class=\"bde-faq__answer-content\">\n            <div class=\"breakdance-rich-text-styles\"><p>We are looking for an independent and results-oriented project manager to be responsible for customer acquisition and project development. In this role, you will be able to utilize your expertise in the energy industry&#039;s transformation and create significant customer relationships.<br \/><br \/><strong>Role description<\/strong><\/p>\n<ul>\n<li>Acquiring new customers and building customer relationships<\/li>\n<li>Development and coordination of energy projects<\/li>\n<li>Sales and consulting of comprehensive energy solutions<\/li>\n<li>Working independently as part of a professional team<\/li>\n<\/ul>\n<p><strong>We expect from you<\/strong><\/p>\n<ul>\n<li>Experience in B2B sales and project management<\/li>\n<li>Understanding of the renewable energy sector and technical solutions<\/li>\n<li>Excellent interpersonal skills and the ability to create trusting customer relationships<\/li>\n<li>Entrepreneurial attitude, a lively approach and goal-oriented nature<\/li>\n<\/ul>\n<p><strong>We offer<\/strong><\/p>\n<ul>\n<li>Commission-based earning model with no income cap - earn as much as you want<\/li>\n<li>An independent role and the opportunity to influence one&#039;s own work<\/li>\n<li>Modern product groups, support and accounting services<\/li>\n<li>Support from an experienced team and a network of experts<\/li>\n<\/ul>\n<p>In this role, you will operate as a dependent sales representative, i.e., in an entrepreneurial manner under your own business name or company. This gives you complete freedom in terms of working hours and methods, as well as excellent earning opportunities.<\/p>\n<p><strong>This is how you can join!<br \/><\/strong><br \/>We don&#039;t like unnecessary bureaucracy - we want to find a top-notch person with solid professional skills as easily as possible! Tell us about yourself in the way that suits you best - with a CV, LinkedIn profile or even a message!\u00a0<br \/><br \/><strong>Are you interested?<br \/><\/strong><br \/>If this sounds like you, send a message to info@renewe.fi or ask more. Feel free to contact us. We will be happy to tell you more about the role and answer all your questions.<\/p><\/div>\n\n                    <\/div>\n      <\/div>\n    <\/div>\n  \n<\/div><\/div>\n<\/section><section class=\"bde-section-350-113 bde-section\">\n  \n  \n\t\n\n\n\n<div class=\"section-container\"><div class=\"bde-columns-350-114 bde-columns\"><div class=\"bde-column-350-115 bde-column\">\n  \n  \n\t\n\n\n\n<img decoding=\"async\" class=\"bde-image2-350-116 bde-image2\" src=\"https:\/\/renewe.fi\/wp-content\/uploads\/2025\/03\/renewe-uusiutuvan-energia-edella-kavija-scaled.webp\" alt=\"Uusiutuva energia - Renewe\" loading=\"lazy\" srcset=\"https:\/\/renewe.fi\/wp-content\/uploads\/2025\/03\/renewe-uusiutuvan-energia-edella-kavija-scaled.webp 2560w, https:\/\/renewe.fi\/wp-content\/uploads\/2025\/03\/renewe-uusiutuvan-energia-edella-kavija-300x200.webp 300w, https:\/\/renewe.fi\/wp-content\/uploads\/2025\/03\/renewe-uusiutuvan-energia-edella-kavija-1024x683.webp 1024w, https:\/\/renewe.fi\/wp-content\/uploads\/2025\/03\/renewe-uusiutuvan-energia-edella-kavija-768x512.webp 768w, https:\/\/renewe.fi\/wp-content\/uploads\/2025\/03\/renewe-uusiutuvan-energia-edella-kavija-1536x1024.webp 1536w, https:\/\/renewe.fi\/wp-content\/uploads\/2025\/03\/renewe-uusiutuvan-energia-edella-kavija-2048x1365.webp 2048w, https:\/\/renewe.fi\/wp-content\/uploads\/2025\/03\/renewe-uusiutuvan-energia-edella-kavija-600x400.webp 600w\" sizes=\"(max-width: 2560px) 100vw, 2560px\" title=\"\">\n<\/div><div class=\"bde-column-350-117 bde-column\">\n  \n  \n\t\n\n\n\n<h2 class=\"bde-heading-350-118 bde-heading bde-preset-cc449cd9-d3d7-4a4c-861f-993344359fc0\">\nWhy Renewe?\n<\/h2><div class=\"bde-text-350-119 bde-text bde-preset-47759b69-d321-4740-bd1a-a172540a1c37\">\nWe are a renewable energy expert taking concrete action to mitigate climate change \u2013 we don&#039;t just talk about a sustainable future, we build it every day. Your work really matters.<br><br>The energy industry is undergoing its biggest transformation, and renewable energy solutions are the industry of the future. Renewe offers you the opportunity to grow, develop and be part of the sustainable energy transformation.<br><br>With us you get the freedom to act, but you don&#039;t have to be alone. We support your success by providing an expert network, training and full support to achieve your goals.\n<\/div>\n<\/div><\/div><\/div>\n<\/section><section class=\"bde-section-350-164 bde-section\">\n  \n  \n\t\n\n\n\n<div class=\"section-container\"><div class=\"bde-icon-350-165 bde-icon\">\n\n    \n            <div class=\"bde-icon-icon breakdance-icon-atom\" >\n    \n                    <svg width=\"58\" height=\"58\" viewbox=\"0 0 58 58\" fill=\"none\" xmlns=\"http:\/\/www.w3.org\/2000\/svg\">\r\n<g clip-path=\"url(#clip0_30_767)\">\r\n<path d=\"M26.5341 0V17.607L31.712 22.7682V5.16121L26.5341 0Z\" fill=\"#04353C\"\/>\r\n<path d=\"M58 26.4351H40.3986L35.2341 31.5784H52.84L58 26.4351Z\" fill=\"#04353C\"\/>\r\n<path d=\"M50.2801 4.25122L35.3594 19.1282V26.4261L50.2801 11.5536V4.25122Z\" fill=\"#04353C\"\/>\r\n<path d=\"M53.7215 50.0106L38.8725 35.2095H31.5732L46.4223 50.0106H53.7215Z\" fill=\"#04353C\"\/>\r\n<path d=\"M31.6583 57.9999V40.3929L26.4803 35.2317V52.8387L31.6583 57.9999Z\" fill=\"#04353C\"\/>\r\n<path d=\"M0 31.5738H17.664L22.842 26.4126H5.17793L0 31.5738Z\" fill=\"#04353C\"\/>\r\n<path d=\"M7.90796 53.7486L22.8286 38.8717V31.5737L7.90796 46.4462V53.7486Z\" fill=\"#04353C\"\/>\r\n<path d=\"M4.29187 7.92236L19.1902 22.7725H26.5163L11.6179 7.92236H4.29187Z\" fill=\"#04353C\"\/>\r\n<\/g>\r\n<defs>\r\n<clippath id=\"clip0_30_767\">\r\n<rect width=\"58\" height=\"58\" fill=\"white\"\/>\r\n<\/clippath>\r\n<\/defs>\r\n<\/svg>\n        \n        \n        \n            <\/div>\n    \n\n\n<\/div><div class=\"bde-div-350-166 bde-div\">\n  \n  \n\t\n\n\n\n<h2 class=\"bde-heading-350-167 bde-heading\">\nCreate your own role\n<\/h2><h2 class=\"bde-heading-350-168 bde-heading\">\nJoin the Renewe team!\n<\/h2>\n<\/div><div class=\"bde-text-350-169 bde-text bde-preset-47759b69-d321-4740-bd1a-a172540a1c37\">\nEven if there are no open positions right now, we are constantly looking for new talents who share our passion for renewable energy and want to be part of building a more sustainable future. If you believe you can add value to Renewe - you could be the right addition to our team, let us know! <br><br>Send an open application to info@renewe.fi\n<\/div><\/div>\n<\/section><section class=\"bde-section-350-154 bde-section\">\n  \n  \n\t\n\n\n\n<div class=\"section-container\"><div class=\"bde-columns-350-155 bde-columns\"><div class=\"bde-column-350-156 bde-column\">\n  \n  \n\t\n\n\n\n<img decoding=\"async\" class=\"bde-image2-350-157 bde-image2\" src=\"https:\/\/renewe.fi\/wp-content\/uploads\/2025\/01\/36a0f8a4a480b59d6d446681335605d3.jpg\" loading=\"lazy\" srcset=\"https:\/\/renewe.fi\/wp-content\/uploads\/2025\/01\/36a0f8a4a480b59d6d446681335605d3.jpg 408w, https:\/\/renewe.fi\/wp-content\/uploads\/2025\/01\/36a0f8a4a480b59d6d446681335605d3-200x300.jpg 200w\" sizes=\"(max-width: 408px) 100vw, 408px\" alt=\"\" title=\"\">\n<\/div><div class=\"bde-column-350-158 bde-column\">\n  \n  \n\t\n\n\n\n<h2 class=\"bde-heading-350-159 bde-heading bde-preset-cc449cd9-d3d7-4a4c-861f-993344359fc0\">\nCome join us in building a sustainable future!\n<\/h2><div class=\"bde-text-350-160 bde-text bde-preset-47759b69-d321-4740-bd1a-a172540a1c37\">\nTell us about yourself, your vision and how you could strengthen Renewe&#039;s growth \u2013 maybe you are the key player in our team!\n<\/div><div class=\"bde-div-350-161 bde-div\">\n  \n  \n\t\n\n\n\n<div class=\"bde-button-350-162 bde-button bde-preset-acebc542-f6fd-4720-ab77-2bf03baec590\">\n        \n    \n    \n    \n    \n            \n                    \n            \n            \n\n    \n    \n    \n    \n    \n    <a class=\"breakdance-link button-atom button-atom--custom bde-button__button\" href=\"https:\/\/renewe.fi\/en\/ota-yhteytta\/\" target=\"_self\" data-type=\"url\"  >\n\n    \n        <span class=\"button-atom__text\">Contact us<\/span>\n\n                            \n        \n                <\/a>\n\n    \n\n\n<\/div>\n<\/div>\n<\/div><\/div><\/div>\n<\/section>","protected":false},"excerpt":{"rendered":"<p>Ty\u00f6paikat \u2013 Tule rakentamaankest\u00e4v\u00e4\u00e4 tulevaisuutta Haluatko olla mukana edist\u00e4m\u00e4ss\u00e4 uusiutuvan energian ratkaisuja Suomessa? Renewen tiimiss\u00e4 p\u00e4\u00e4set vaikuttamaan konkreettisesti vihre\u00e4\u00e4n siirtym\u00e4\u00e4n ja luomaan kest\u00e4v\u00e4\u00e4 tulevaisuutta yhdess\u00e4 asiantuntevan tiimimme kanssa. Etusivu Avoimet ty\u00f6paikat Etsimme projektip\u00e4\u00e4llikk\u00f6\u00e4 p\u00e4\u00e4kaupunkiseudulle ja l\u00e4hialueille \u2013 tule mukaan kasvavaan tiimiimme! Chevron-Down Chevron-Up Etsimme itsen\u00e4ist\u00e4 ja tuloshakuista projektip\u00e4\u00e4llikk\u00f6\u00e4 vastaamaan asiakashankinnasta ja projektikehityksest\u00e4. T\u00e4ss\u00e4 roolissa [&hellip;]<\/p>\n","protected":false},"author":6,"featured_media":0,"parent":0,"menu_order":0,"comment_status":"closed","ping_status":"closed","template":"","meta":{"_acf_changed":false,"_breakdance_hide_in_design_set":false,"_breakdance_tags":"","footnotes":""},"class_list":["post-350","page","type-page","status-publish","hentry"],"acf":[],"_links":{"self":[{"href":"https:\/\/renewe.fi\/en\/wp-json\/wp\/v2\/pages\/350","targetHints":{"allow":["GET"]}}],"collection":[{"href":"https:\/\/renewe.fi\/en\/wp-json\/wp\/v2\/pages"}],"about":[{"href":"https:\/\/renewe.fi\/en\/wp-json\/wp\/v2\/types\/page"}],"author":[{"embeddable":true,"href":"https:\/\/renewe.fi\/en\/wp-json\/wp\/v2\/users\/6"}],"replies":[{"embeddable":true,"href":"https:\/\/renewe.fi\/en\/wp-json\/wp\/v2\/comments?post=350"}],"version-history":[{"count":20,"href":"https:\/\/renewe.fi\/en\/wp-json\/wp\/v2\/pages\/350\/revisions"}],"predecessor-version":[{"id":2395,"href":"https:\/\/renewe.fi\/en\/wp-json\/wp\/v2\/pages\/350\/revisions\/2395"}],"wp:attachment":[{"href":"https:\/\/renewe.fi\/en\/wp-json\/wp\/v2\/media?parent=350"}],"curies":[{"name":"wp","href":"https:\/\/api.w.org\/{rel}","templated":true}]}}