{"id":96,"date":"2025-02-26T11:43:05","date_gmt":"2025-02-26T11:43:05","guid":{"rendered":"https:\/\/renewe.fi\/?page_id=96"},"modified":"2025-07-25T11:55:01","modified_gmt":"2025-07-25T11:55:01","slug":"tilausehdot","status":"publish","type":"page","link":"https:\/\/renewe.fi\/en\/tilausehdot\/","title":{"rendered":"Order and delivery terms"},"content":{"rendered":"<h2 class=\"wp-block-heading\">Order and delivery terms<\/h2>\n\n\n\n<h2 class=\"wp-block-heading has-black-color has-text-color has-link-color wp-elements-e8cf01fde0dd6895644e82242ff7c2e4\">General<\/h2>\n\n\n\n<p class=\"has-black-color has-text-color has-link-color wp-elements-0b3683c43b69300eeb86e199cd577dc9\">Renewe Group Oy (Business ID 3014659\u20136) sells products and services to adults and companies in Finland. Product prices include VAT. We reserve the right to change prices and delivery costs.<\/p>\n\n\n\n<h2 class=\"wp-block-heading has-black-color has-text-color has-link-color wp-elements-58c87357441f683bc9b784acb81fb1a9\">Ordering<\/h2>\n\n\n\n<p class=\"has-black-color has-text-color has-link-color wp-elements-bbc087f4fa05fc29264a2861d04a08d5\">Products are ordered through the online store or directly from our sellers. All customer information is treated confidentially. The contact information requested in connection with the order is used only for the delivery of the order and to resolve related issues. When ordering, you are required to have read and agreed to the valid delivery terms and conditions.<\/p>\n\n\n\n<h2 class=\"wp-block-heading has-black-color has-text-color has-link-color wp-elements-0aa5e4c9cf5fc1bbbc3eeb9d31d0be05\">Order confirmation and delivery time<\/h2>\n\n\n\n<p class=\"has-black-color has-text-color has-link-color wp-elements-6e42af95151604c36fe4a915fba7dd20\"><strong>        Online store products<\/strong><\/p>\n\n\n\n<ul class=\"wp-block-list has-black-color has-text-color has-link-color wp-elements-af0071cb94901ed86f837819a78b144d\">\n<li>We will send an order confirmation via email within 1-2 business days.<\/li>\n\n\n\n<li>Delivery time 1-30 days from order<\/li>\n\n\n\n<li>Shipping costs are determined by the size, weight and delivery address of the product.<\/li>\n\n\n\n<li>Exact shipping costs will be displayed upon ordering.<\/li>\n<\/ul>\n\n\n\n<p class=\"has-black-color has-text-color has-link-color wp-elements-08f1fc6bd4951c664263f4918c805b60\"><strong>        Products to be installed<\/strong><\/p>\n\n\n\n<ul class=\"wp-block-list has-black-color has-text-color has-link-color wp-elements-4f9c4dff55305fb4f333408d1f7d2210\">\n<li>We will contact you within three business days of your order.<\/li>\n\n\n\n<li>We agree on an exact installation time, typically within 5-15 days.<\/li>\n\n\n\n<li>Installation time may vary depending on the season and product availability.<\/li>\n\n\n\n<li>Installation includes delivery to the agreed address.<\/li>\n<\/ul>\n\n\n\n<p class=\"has-black-color has-text-color has-link-color wp-elements-a82c72d05e7985495338cb3fb8affcf2\">We are not responsible for delays caused by force majeure or indirect harm caused by them.<\/p>\n\n\n\n<h2 class=\"wp-block-heading has-black-color has-text-color has-link-color wp-elements-4ef760a2be8a3f0d565be5e37bf0f956\">Payment methods<\/h2>\n\n\n\n<p class=\"has-black-color has-text-color has-link-color wp-elements-482a87ce17a4a541ea8dd7953b760a28\"><strong>Online store payment methods (Paytrail &amp; Klarna)<\/strong><\/p>\n\n\n\n<ul class=\"wp-block-list has-black-color has-text-color has-link-color wp-elements-cfc331e449c1c10c2c7b453f52e2470c\">\n<li>Online banking payments<\/li>\n\n\n\n<li>Most common credit cards<\/li>\n\n\n\n<li>Invoice, installment and installment payments OP &amp; Klarna<\/li>\n\n\n\n<li>MobilePay and Apple Pay<\/li>\n<\/ul>\n\n\n\n<p class=\"has-black-color has-text-color has-link-color wp-elements-c78a390b1855831bc4c87b6e90c0d08e\"><strong>Larger purchases<\/strong><\/p>\n\n\n\n<ul class=\"wp-block-list has-black-color has-text-color has-link-color wp-elements-1d31e4ffd0ad492de2ef00959b9210e5\">\n<li>Cooperative Bank&#039;s financing solutions<\/li>\n\n\n\n<li>Corporate finance OP solutions<\/li>\n\n\n\n<li>Leasing services upon agreement<\/li>\n\n\n\n<li>Invoicing by separate agreement<\/li>\n<\/ul>\n\n\n\n<p class=\"has-black-color has-text-color has-link-color wp-elements-ac1bda210aa1b527de5b3b59b8e99fb3\">The online store payment transfer service is implemented by Paytrail Oyj &amp; Klarna Bank AB in cooperation with banks and credit institutions. Paytrail Oyj or Klarna Bank AB appears as the recipient of the payment on the bank statement and transfers the payment to the merchant. When you choose a Paytrail or Klarna account as the payment method, you enter into an agreement with the partner of your choice, whereby the right to the receivable is transferred to the partner of your choice in accordance with the agreement you have made and you receive invoices related to the payment from them.<\/p>\n\n\n\n<h2 class=\"wp-block-heading has-black-color has-text-color has-link-color wp-elements-9e864aae39a3fbff9de38076153894ca\">Payment terms<\/h2>\n\n\n\n<p class=\"has-black-color has-text-color has-link-color wp-elements-4e9d855c2fae47eae33ea74f8e30e72b\">Paytrail Oyj (2122839-7) acts as the payment intermediary and payment service provider in cooperation with Finnish banks and credit institutions. Paytrail Oyj appears as the recipient of the payment on the bank statement or card invoice and forwards the payment to the merchant. Paytrail Oyj has a payment institution license. As well as Klarna Bank AB (556737-0431) in accordance with their terms and conditions. In cases of complaint, we ask you to primarily contact the product supplier.<\/p>\n\n\n\n<p class=\"has-black-color has-text-color has-link-color wp-elements-af72e0eb32a8ebbe5c9e9faf46f19d54\">Paytrail Corporation, <br>Business ID: 2122839-7<br>Innova 2<br>Lutako Square 7<br>40100 Jyvaskyla<br><a href=\"https:\/\/www.paytrail.com\/kuluttaja\/tietoa-maksamisesta\" target=\"_blank\" rel=\"noreferrer noopener\">paytrail.com\/kluttaja\/tietoa- about paying<\/a><\/p>\n\n\n\n<h2 class=\"wp-block-heading has-black-color has-text-color has-link-color wp-elements-8f458b484714d1e2fc418ca8d605cbf6\">Delivery method and costs<\/h2>\n\n\n\n<ul class=\"wp-block-list has-black-color has-text-color has-link-color wp-elements-836cf9a3f3521dbe1dcf2f378ae54347\">\n<li>We deliver the products either via Posti or freight companies.<\/li>\n\n\n\n<li>Shipping costs are determined by the product&#039;s dimensions, weight and delivery destination.<\/li>\n\n\n\n<li>Installable products are delivered upon installation.<\/li>\n<\/ul>\n\n\n\n<p>Shipping costs will be refunded in cases of cancellation to the extent that they correspond to the most affordable shipping method. The costs of return shipping are the responsibility of the customer, unless otherwise agreed.<\/p>\n\n\n\n<h2 class=\"wp-block-heading has-black-color has-text-color has-link-color wp-elements-debaaa5ec945525acd78469fe8eb6932\">Exchange and return conditions<\/h2>\n\n\n\n<p class=\"has-black-color has-text-color has-link-color wp-elements-561760f9e0c246a53d15c633fcd00e7e\"><strong>Online store products<\/strong><\/p>\n\n\n\n<ul class=\"wp-block-list has-black-color has-text-color has-link-color wp-elements-1eb301b897be717d1e117e619cfe7cd8\">\n<li>The customer has the right to cancel the order within 14 days of receiving the product.<\/li>\n\n\n\n<li>Customer service must be notified in advance of the return.<\/li>\n\n\n\n<li>Return costs are the responsibility of the customer, unless otherwise agreed.<\/li>\n<\/ul>\n\n\n\n<p>The returned product must be in saleable condition \u2013 i.e. unused and in the original packaging, as new, with all accessories and instructions. If the product has been handled more than is necessary to determine its properties and functionality, we reserve the right to deduct the decrease in value from the amount to be refunded. In connection with the return, the price of the product and the delivery costs will be refunded to the extent that they correspond to the most affordable delivery method (for example, pick-up \u20ac0). If the customer has chosen a more expensive delivery method, these additional costs will not be refunded.<\/p>\n\n\n\n<p class=\"has-black-color has-text-color has-link-color wp-elements-a9eb56ce43a044d0235c67248f30a1b2\"><strong>Products to be installed<\/strong><\/p>\n\n\n\n<ul class=\"wp-block-list has-black-color has-text-color has-link-color wp-elements-b055e3981dbb1e53315984d101b1abee\">\n<li>Products that have been removed from the package or installed are not eligible for return.<\/li>\n\n\n\n<li>Installation services do not have the right to cancel or return after installation.<\/li>\n\n\n\n<li>Products that have been installed or put into use are not eligible for return. <\/li>\n\n\n\n<li>Products that have been modified at the customer&#039;s request or whose installation has begun are also considered customized to the customer&#039;s needs and cannot be returned.<\/li>\n<\/ul>\n\n\n\n<p><strong>Subscriber&#039;s obligations and responsibilities<\/strong><\/p>\n\n\n\n<p>As a seller of licensed equipment and heat pumps, we must ensure that the equipment is installed by a qualified installer. Therefore, we require that the purchaser of a heat pump or other equipment requiring a fixed electrical connection, who does not use our installation services, inform us who will perform the installation. Provide the name of the installation company and the Tukes permit numbers (check the electricity and refrigeration rights <a href=\"https:\/\/rekisterit.tukes.fi\/toiminnanharjoittajat\" target=\"_blank\" rel=\"noopener\">from here<\/a>), by email to our customer service: <a href=\"mailto:info@renewe.fi\">info@renewe.fi<\/a>Please also provide us with a start-up\/measurement report when the installation is complete, in which case the device warranty will also come into effect in accordance with the importer&#039;s terms and conditions.<\/p>\n\n\n\n<p>The customer who orders the installation work is responsible for carefully familiarizing themselves with the technical characteristics of the machine or system they have ordered. The customer is responsible for ensuring that the product is suitable for installation on site and can be installed. If the installer determines on site that the product is not suitable or cannot be installed on site, the customer and the installer will agree on a replacement machine or solution separately, if possible. Work and supplies not included in the standard installation are agreed and charged separately, and can also be ordered as additional deliveries in advance. Indirect costs are agreed on a case-by-case basis.<\/p>\n\n\n\n<h2 class=\"wp-block-heading has-black-color has-text-color has-link-color wp-elements-0c760bb8c7cc2f35b4d6763b6255b215\">Problem situations<\/h2>\n\n\n\n<ul class=\"wp-block-list has-black-color has-text-color has-link-color wp-elements-c2a55ca41d2a1021a387b73a881b11d9\">\n<li>Any defect found in the product must be reported within 14 days.<\/li>\n\n\n\n<li>Transport damage must be reported immediately upon delivery.<\/li>\n\n\n\n<li>A damaged package must be reported to the driver immediately.<\/li>\n\n\n\n<li>In case of problems, always contact our customer service first.<\/li>\n<\/ul>\n\n\n\n<h2 class=\"wp-block-heading has-black-color has-text-color has-link-color wp-elements-91254ddeb158d62d23fcf2e97bf90e8f\">Warranty and maintenance<\/h2>\n\n\n\n<ul class=\"wp-block-list has-black-color has-text-color has-link-color wp-elements-72bbdf6f68a24a291115943ae2c033cb\">\n<li>The warranty is determined according to the manufacturer&#039;s warranty terms.<\/li>\n\n\n\n<li>For warranty issues, please contact the manufacturer or our customer service.<\/li>\n\n\n\n<li>Maintenance and repair services are carried out through authorized service centers.<\/li>\n<\/ul>\n\n\n\n<p>The device warranty is granted in accordance with the terms and conditions of the device manufacturer. We ask you to familiarize yourself with the importer&#039;s warranty terms and conditions. Maintenance and repair services must always be carried out by authorized service companies. As a heat pump seller, we are obliged to ensure that the device is installed and maintained by a qualified contractor. If the customer does not use Renewe&#039;s installation or maintenance service, we require the owner of the heat pump to provide information about the company that performed the installation or maintenance. Please provide the name of the company and the electrical and refrigeration permit numbers issued by Tukes by email to our customer service: <a href=\"mailto:info@renewe.fi\">info@renewe.fi<\/a>The device warranty only becomes effective when we have received the start-up protocol after the installation is complete. <\/p>\n\n\n\n<p>If there is a defect in the product, we ask you to notify our customer service within a reasonable time of discovering the defect. Other contract and warranty terms comply with the YSE 1998, REYS-8 or RYS-9 terms. We reserve the right to make product changes and updates.<\/p>\n\n\n\n<p><strong>Liability for damages and its limitations<\/strong><\/p>\n\n\n\n<p>In business-to-business transactions, the seller is not liable for indirect damages caused to the buyer, such as a decrease in production or turnover, lost operating profit, utility or contracts, or other damage that is difficult to predict. Compensation and contractual penalties paid by the buyer to a third party are also considered indirect damages. The seller&#039;s total liability, including direct damages, is in all cases limited to a maximum of the value of the delivery. In consumer transactions, the seller is liable for a defect in the product in accordance with the Consumer Protection Act. However, the seller is not liable for indirect damages unless the damage is due to the seller&#039;s negligence or unless the seller has given a special commitment to the product that caused the indirect damage.<\/p>\n\n\n\n<h2 class=\"wp-block-heading has-black-color has-text-color has-link-color wp-elements-efba640578ff995a49e47e243570c3cc\">Data protection<\/h2>\n\n\n\n<p class=\"has-black-color has-text-color has-link-color wp-elements-301405b09b07bc08cd41d20e210ede3f\">We treat all customer information confidentially. More information<br>Information on the processing of personal data can be found in our privacy policy.<br><\/p>\n\n\n\n<h2 class=\"wp-block-heading has-black-color has-text-color has-link-color wp-elements-ee70fe48e88246516c2365d72c78faf1\">Contact information<\/h2>\n\n\n\n<p class=\"has-black-color has-text-color has-link-color wp-elements-e2ba5ee48b12525d30ff079779a2d47e\">Renewe Group Oy<br>info@renewe.fi<br>010 660 3030<br>Konepajankuja 1<br>00510 Helsinki<br>Open weekdays 8\u201316<br><\/p>\n\n\n\n<h2 class=\"wp-block-heading has-black-color has-text-color has-link-color wp-elements-25d946307d3ace03158bd9aac11c1f93\">Applicable law<\/h2>\n\n\n\n<p class=\"has-black-color has-text-color has-link-color wp-elements-a04fee9e8adebe66b05cb83a7e4a4537\">These terms and conditions are governed by Finnish law. Any disputes shall be resolved primarily through negotiation. If a dispute concerning the sales contract cannot be resolved through negotiations between the parties, the consumer may refer the matter to the Consumer Disputes Board for resolution. We reserve the right to make changes. These terms and conditions are valid until further notice.<\/p>","protected":false},"excerpt":{"rendered":"<p>Tilaus ja toimitusehdot Yleist\u00e4 Renewe Group Oy (Y-tunnus 3014659\u20136) myy tuotteita ja palveluita t\u00e4ysi-ik\u00e4isille yksityishenkil\u00f6ille ja yrityksille Suomeen. Tuotteiden hinnat sis\u00e4lt\u00e4v\u00e4t arvonlis\u00e4veron. Pid\u00e4t\u00e4mme oikeuden hintojen ja toimituskulujen muutoksiin. Tilaaminen Tuotteet tilataan verkkokaupan kautta tai suoraan myyjilt\u00e4mme. Kaikki asiakastiedot k\u00e4sitell\u00e4\u00e4n luottamuksellisesti. Tilauksen yhteydess\u00e4 kysyttyj\u00e4 yhteystietoja k\u00e4ytet\u00e4\u00e4n vain tilauksen toimitukseen ja siihen liittyvien asioiden selvitt\u00e4miseen. Tilatessasi sinun [&hellip;]<\/p>\n","protected":false},"author":6,"featured_media":0,"parent":0,"menu_order":0,"comment_status":"closed","ping_status":"closed","template":"","meta":{"_acf_changed":false,"_breakdance_hide_in_design_set":false,"_breakdance_tags":"","footnotes":""},"class_list":["post-96","page","type-page","status-publish","hentry"],"acf":[],"_links":{"self":[{"href":"https:\/\/renewe.fi\/en\/wp-json\/wp\/v2\/pages\/96","targetHints":{"allow":["GET"]}}],"collection":[{"href":"https:\/\/renewe.fi\/en\/wp-json\/wp\/v2\/pages"}],"about":[{"href":"https:\/\/renewe.fi\/en\/wp-json\/wp\/v2\/types\/page"}],"author":[{"embeddable":true,"href":"https:\/\/renewe.fi\/en\/wp-json\/wp\/v2\/users\/6"}],"replies":[{"embeddable":true,"href":"https:\/\/renewe.fi\/en\/wp-json\/wp\/v2\/comments?post=96"}],"version-history":[{"count":19,"href":"https:\/\/renewe.fi\/en\/wp-json\/wp\/v2\/pages\/96\/revisions"}],"predecessor-version":[{"id":4351,"href":"https:\/\/renewe.fi\/en\/wp-json\/wp\/v2\/pages\/96\/revisions\/4351"}],"wp:attachment":[{"href":"https:\/\/renewe.fi\/en\/wp-json\/wp\/v2\/media?parent=96"}],"curies":[{"name":"wp","href":"https:\/\/api.w.org\/{rel}","templated":true}]}}