{"id":3237,"date":"2025-04-03T04:21:34","date_gmt":"2025-04-03T04:21:34","guid":{"rendered":"https:\/\/renewe.fi\/verkkokauppa\/uncategorized\/growatt-dc-liitin-mc4\/"},"modified":"2026-03-18T15:44:31","modified_gmt":"2026-03-18T15:44:31","slug":"growatt-dc-liitin-mc4","status":"publish","type":"product","link":"https:\/\/renewe.fi\/en\/verkkokauppa\/aurinkoenergia\/invertterit\/growatt-dc-liitin-mc4\/","title":{"rendered":"GROWATT DC connector MC4"},"content":{"rendered":"<p>MC4 DC-liitin Growatt inverttereille, sis\u00e4lt\u00e4\u00e4 uros sek\u00e4 naarasliittimet, type Devalan.<\/p>","protected":false},"excerpt":{"rendered":"<p>MC4 DC connector for Growatt inverters<\/p>","protected":false},"featured_media":6192,"comment_status":"closed","ping_status":"closed","template":"","meta":{"_acf_changed":false},"product_brand":[213],"product_cat":[26,18,15],"product_tag":[22,227,21],"class_list":{"0":"post-3237","1":"product","2":"type-product","3":"status-publish","4":"has-post-thumbnail","6":"product_brand-growatt","7":"product_cat-aurinkoenergia","8":"product_cat-invertterit","9":"product_cat-yleinen","10":"product_tag-aurinkoenergia","11":"product_tag-invertterit","12":"product_tag-suosituimmat","13":"product_shipping_class-pakettirahti-pieni","15":"first","16":"instock","17":"purchasable","18":"product-type-simple"},"acf":[],"_links":{"self":[{"href":"https:\/\/renewe.fi\/en\/wp-json\/wp\/v2\/product\/3237","targetHints":{"allow":["GET"]}}],"collection":[{"href":"https:\/\/renewe.fi\/en\/wp-json\/wp\/v2\/product"}],"about":[{"href":"https:\/\/renewe.fi\/en\/wp-json\/wp\/v2\/types\/product"}],"replies":[{"embeddable":true,"href":"https:\/\/renewe.fi\/en\/wp-json\/wp\/v2\/comments?post=3237"}],"wp:featuredmedia":[{"embeddable":true,"href":"https:\/\/renewe.fi\/en\/wp-json\/wp\/v2\/media\/6192"}],"wp:attachment":[{"href":"https:\/\/renewe.fi\/en\/wp-json\/wp\/v2\/media?parent=3237"}],"wp:term":[{"taxonomy":"product_brand","embeddable":true,"href":"https:\/\/renewe.fi\/en\/wp-json\/wp\/v2\/product_brand?post=3237"},{"taxonomy":"product_cat","embeddable":true,"href":"https:\/\/renewe.fi\/en\/wp-json\/wp\/v2\/product_cat?post=3237"},{"taxonomy":"product_tag","embeddable":true,"href":"https:\/\/renewe.fi\/en\/wp-json\/wp\/v2\/product_tag?post=3237"}],"curies":[{"name":"wp","href":"https:\/\/api.w.org\/{rel}","templated":true}]}}