{"id":6142,"date":"2026-02-25T18:07:03","date_gmt":"2026-02-25T18:07:03","guid":{"rendered":"https:\/\/renewe.fi\/?post_type=product&#038;p=6142"},"modified":"2026-02-25T19:32:30","modified_gmt":"2026-02-25T19:32:30","slug":"poistoilmalampopumpun-huolto","status":"publish","type":"product","link":"https:\/\/renewe.fi\/en\/verkkokauppa\/asennukset\/poistoilmalampopumpun-huolto\/","title":{"rendered":"Poistoilmal\u00e4mp\u00f6pumpun huolto"},"content":{"rendered":"<p dir=\"auto\">Poistoilmal\u00e4mp\u00f6pumpun huolto \u2013 toimintavarmuutta ja pienempi s\u00e4hk\u00f6lasku<\/p>\n<p dir=\"auto\">Moni huomaa tehon heikentymisen vasta kun s\u00e4hk\u00f6lasku nousee, ilma tuntuu tunkkaiselta tai laite pit\u00e4\u00e4 outoja \u00e4\u00e4ni\u00e4. Ammattimainen huolto palauttaa hy\u00f6tysuhteen, puhdistaa kriittiset osat ja ehk\u00e4isee kalliit viat. Tarkastamme laitteen kokonaisuudessaan ja koordinoimme tarvittaessa kanaviston puhdistuksen sek\u00e4 ilmanvaihdon s\u00e4\u00e4d\u00f6t luotettavan IV-yhteisty\u00f6kumppanimme kanssa \u2013 saat kaiken yhdell\u00e4 tilauksella. S\u00e4\u00e4nn\u00f6llinen PILP huolto auttaa pit\u00e4m\u00e4\u00e4n j\u00e4rjestelm\u00e4n tehokkaana ja havaitsemaan poikkeamat ajoissa.<\/p>\n<p>What does maintenance include?<\/p>\n<p>&#8211; Poisto\/tuloilmasuodattimien tarkastus ja puhdistus, vaihto tarvittaessa\/halutessanne: Suodatin veloitetaan erikseen mallin mukaan<br \/>\n&#8211; Elektroninen kylm\u00e4ainevuototarkastus: Lakis\u00e4\u00e4teinen toimenpide F-kaasuasetuksen nojalla \u2014 varmistamme, ettei j\u00e4rjestelm\u00e4 vuoda kylm\u00e4ainetta<br \/>\n&#8211; Paisuntaventtiilin toiminnan tarkastus: Pienetkin h\u00e4iri\u00f6t paisuntaventtiiliss\u00e4 romahduttavat laitteen COP-arvon<br \/>\n&#8211; Puhaltimien ja puhallinmoottoreiden kunnon tarkastus: Ep\u00e4tasapaino puhallinmoottorin laakerissa n\u00e4kyy ensin kohinana, sitten vikana<br \/>\n&#8211; Kondenssiveden poistoputken puhdistus ja toiminnan tarkistus: Tukkeutunut kondenssilinja aiheuttaa kosteusvahingon sis\u00e4lle<br \/>\n&#8211; L\u00e4mmitysverkoston paineen tarkastus ja tarvittaessa lis\u00e4ys: Alipaine heikent\u00e4\u00e4 l\u00e4mm\u00f6njakoa lattioihin ja pattereihin<br \/>\n&#8211; K\u00e4ytt\u00f6veden l\u00e4mp\u00f6tilan tarkistus (min. 55 \u00b0C): Legionella-bakteerin riski kasvaa, jos l\u00e4mminvesivaraaja ei saavuta riitt\u00e4v\u00e4\u00e4 l\u00e4mp\u00f6tilaa<br \/>\n&#8211; L\u00e4mmitysverkoston mutasihdin puhdistus: Est\u00e4mme kiertovesipumpun ennenaikaisen kulumisen<br \/>\n&#8211; H\u00e4lytyslokin l\u00e4pik\u00e4ynti ja analysointi: Laite on saattanut kirjata h\u00e4iri\u00f6it\u00e4 muistiin<br \/>\n&#8211; L\u00e4mmitys- ja k\u00e4ytt\u00f6vesiasetuksien optimointi: Tarkistamme l\u00e4mmitysk\u00e4yr\u00e4t kiinteist\u00f6si tarpeen mukaan<\/p>\n<p>Poistoilmal\u00e4mp\u00f6pumpun huolto varmistaa energiatehokkuuden, toimintavarmuuden ja tasaisen sis\u00e4ilman ymp\u00e4ri vuoden. Tarjoamme kattavan ja asiantuntevan huoltopalvelun, jotta voit nukkua y\u00f6si rauhassa ja nauttia edullisesta l\u00e4mm\u00f6st\u00e4, tarkistamme j\u00e4rjestelm\u00e4si kokonaisuutena.<\/p>\n<p>Huollamme kaikki yleisimm\u00e4t poistoilmal\u00e4mp\u00f6pumppumerkit, kuten: Nibe (F370, F372, F470, F750, S735), Nilan (Compact, VGU, VP-sarja), Bosch Compress, J\u00e4spi Ekowatti Eko, Vallox, IVT sek\u00e4 muut vastaavat j\u00e4rjestelm\u00e4t. Jos merkkisi ei l\u00f6ydy listalta, ota yhteytt\u00e4 \u2014 huollamme todenn\u00e4k\u00f6isesti sen silti.<\/p>\n<p>Mahdolliset havaitut puutteet, tarvikkeet, varaosat tai kylm\u00e4ainelis\u00e4ykset sovitaan ja veloitetaan aina erikseen &#8211; mik\u00e4li koneikko tarvitsee korjauksen tai suuremman huollon, otathan yhteytt\u00e4 huoltoomme. L\u00e4mminvesivaraajan suoja-anodin tarkistus, mittaus ja mahdollinen vaihto sovittava tarvittaessa erikseen.<\/p>\n<p>Olemme sinuun yhteydess\u00e4 1-3 arkip\u00e4iv\u00e4n sis\u00e4ll\u00e4 tilauksesta sopiaksemme huoltoajan. Keskim\u00e4\u00e4r\u00e4inen huoltojono 3-4 ty\u00f6vuorokautta. Voit my\u00f6s soittaa kiireellisiss\u00e4 tapauksissa asiakaspalveluumme 010 660 3030, tai laittaa postia tuki@renewe.fi.<\/p>\n<p>\ud83d\udca1 Kotitalousv\u00e4hennys: Huomioithan, ett\u00e4 huollon 259 \u20ac hinnasta saat 35 % takaisin veronpalautuksena \u2013 todellinen hintasi yksityishenkil\u00f6n\u00e4 on vain noin 168 \u20ac.<\/p>\n<p><em>Huom. Poistoilmal\u00e4mp\u00f6pumppu on ainoa l\u00e4mmitysj\u00e4rjestelm\u00e4, jossa ilmanvaihdon kunto vaikuttaa suoraan l\u00e4mmitystehokkuuteen \u2014 likainen tai huonosti s\u00e4\u00e4detty kanavisto sy\u00f6 hy\u00f6tysuhdetta yht\u00e4 varmasti kuin kulunut kompressori. Tarvittaessa koordinoimme kanaviston puhdistuksen ja ilmanvaihdon s\u00e4\u00e4d\u00f6t luotettavan IV-yhteisty\u00f6kumppanimme kanssa, joten saat koko j\u00e4rjestelm\u00e4n kuntoon yhdell\u00e4 tilauksella ilman usean urakoitsijan py\u00f6rittely\u00e4 \u2014 kanaviston puhdistuksen, s\u00e4\u00e4d\u00f6n sek\u00e4 tasapainotuksen kustannus on tyypillisesti 400\u2013700 \u20ac kohteen koosta riippuen.<\/em><\/p>","protected":false},"excerpt":{"rendered":"<p id=\"poistoilmalmppumpun-huolto--sisilman-laatu-ja-lmmi\" class=\"mb-2 mt-4 [.has-inline-images_&amp;]:clear-end font-editorial font-bold text-lg first:mt-0 md:text-lg [hr+&amp;]:mt-4\">Poistoilmal\u00e4mp\u00f6pumpun huolto \u2013 sis\u00e4ilman laatu ja l\u00e4mmitys kuntoon<\/p>\n<p dir=\"auto\">Poistoilmal\u00e4mp\u00f6pumppu (PILP) on kiinteist\u00f6si moniosaavin j\u00e4rjestelm\u00e4 \u2014 se hoitaa samanaikaisesti l\u00e4mmityksen, k\u00e4ytt\u00f6veden ja ilmanvaihdon. Juuri siksi sen huolto vaatii enemm\u00e4n kuin tavallisen l\u00e4mp\u00f6pumpun huolto: ammattilaiselta edellytet\u00e4\u00e4n sek\u00e4 kylm\u00e4tekniikan osaamista ett\u00e4 ymm\u00e4rryst\u00e4 ilmanvaihdosta ja l\u00e4mmitysverkostosta. Suosittelemme huoltoa noin 2-4 vuoden v\u00e4lein \u2013 etenkin ensimm\u00e4isen l\u00e4mmityskauden j\u00e4lkeen.<\/p>\n<p dir=\"auto\">Vuosihuolto pit\u00e4\u00e4 laitteen optimaalisessa kunnossa. Ammattilainen tarkistaa l\u00e4mm\u00f6n talteenoton, optimoi l\u00e4mmitysk\u00e4yr\u00e4t ja varmistaa, ett\u00e4 lto-pumppu hy\u00f6dynt\u00e4\u00e4 poistoilman l\u00e4mm\u00f6n mahdollisimman tehokkaasti Suomen oloissa. Palvelemme p\u00e4\u00e4s\u00e4\u00e4nt\u00f6isesti noin tunnin ajomatkan s\u00e4teell\u00e4 Helsingin toimipisteest\u00e4mme.<\/p>\n<p>Huollamme edustamamme laitteet toimialueellamme, huollon hinta matkakustannuksineen 259,00\u20ac, kotitalousluokan koneikot, tutustuthan tarkemmin palvelukuvaukseen.<\/p>\n","protected":false},"featured_media":6143,"comment_status":"closed","ping_status":"closed","template":"","meta":{"_acf_changed":false},"product_brand":[228],"product_cat":[43],"product_tag":[44,154,24,45,336],"class_list":{"0":"post-6142","1":"product","2":"type-product","3":"status-publish","4":"has-post-thumbnail","6":"product_brand-renewe","7":"product_cat-asennukset","8":"product_tag-asennus","9":"product_tag-huolto","10":"product_tag-jaahdytys","11":"product_tag-lammitys","12":"product_tag-poistoilmalampopumpun-huolto","14":"first","15":"instock","16":"purchasable","17":"product-type-simple"},"acf":[],"_links":{"self":[{"href":"https:\/\/renewe.fi\/en\/wp-json\/wp\/v2\/product\/6142","targetHints":{"allow":["GET"]}}],"collection":[{"href":"https:\/\/renewe.fi\/en\/wp-json\/wp\/v2\/product"}],"about":[{"href":"https:\/\/renewe.fi\/en\/wp-json\/wp\/v2\/types\/product"}],"replies":[{"embeddable":true,"href":"https:\/\/renewe.fi\/en\/wp-json\/wp\/v2\/comments?post=6142"}],"wp:featuredmedia":[{"embeddable":true,"href":"https:\/\/renewe.fi\/en\/wp-json\/wp\/v2\/media\/6143"}],"wp:attachment":[{"href":"https:\/\/renewe.fi\/en\/wp-json\/wp\/v2\/media?parent=6142"}],"wp:term":[{"taxonomy":"product_brand","embeddable":true,"href":"https:\/\/renewe.fi\/en\/wp-json\/wp\/v2\/product_brand?post=6142"},{"taxonomy":"product_cat","embeddable":true,"href":"https:\/\/renewe.fi\/en\/wp-json\/wp\/v2\/product_cat?post=6142"},{"taxonomy":"product_tag","embeddable":true,"href":"https:\/\/renewe.fi\/en\/wp-json\/wp\/v2\/product_tag?post=6142"}],"curies":[{"name":"wp","href":"https:\/\/api.w.org\/{rel}","templated":true}]}}